{"id":22,"date":"2016-03-15T23:12:04","date_gmt":"2016-03-15T22:12:04","guid":{"rendered":"http:\/\/www.spirit-hunters-germany.de\/?page_id=22"},"modified":"2019-09-19T20:02:14","modified_gmt":"2019-09-19T18:02:14","slug":"impressum","status":"publish","type":"page","link":"https:\/\/www.spirit-hunters-germany.de\/?page_id=22","title":{"rendered":"Impressum"},"content":{"rendered":"<p><strong><span style=\"font-family: quicksand; font-size: 18pt;\">Angaben gem\u00e4\u00df \u00a7 5 TMG:<\/span><\/strong><\/p>\n<p><span style=\"color: #fcd938;\">Spirit Hunters Germany\u00ae<\/span><br \/>\nAnke Carver<br \/>\nG\u00e4rtnerstra\u00dfe 91<br \/>\n25335 Elmshorn<\/p>\n<p><strong><span style=\"font-family: quicksand; font-size: 14pt;\">Kontakt:<\/span><\/strong><\/p>\n<p>Telefon: 01735144795<br \/>\nE-Mail: info@spirit-hunters-germany.de<\/p>\n<p><span style=\"color: #ffcc00; font-family: quicksand; font-size: 14pt;\">Haftung f\u00fcr Inhalte<\/span><\/p>\n<p>Als Diensteanbieter sind wir gem\u00e4\u00df \u00a7 7 Abs.1 TMG f\u00fcr eigene Inhalte auf diesen Seiten nach den allgemeinen Gesetzen verantwortlich. Nach \u00a7\u00a7 8 bis 10 TMG sind wir als Diensteanbieter jedoch nicht verpflichtet, \u00fcbermittelte oder gespeicherte fremde Informationen zu \u00fcberwachen oder nach Umst\u00e4nden zu forschen, die auf eine rechtswidrige T\u00e4tigkeit hinweisen.<\/p>\n<p>Verpflichtungen zur Entfernung oder Sperrung der Nutzung von Informationen nach den allgemeinen Gesetzen bleiben hiervon unber\u00fchrt. Eine diesbez\u00fcgliche Haftung ist jedoch erst ab dem Zeitpunkt der Kenntnis einer konkreten Rechtsverletzung m\u00f6glich. Bei Bekanntwerden von entsprechenden Rechtsverletzungen werden wir diese Inhalte umgehend entfernen.<\/p>\n<p><span style=\"color: #ffcc00; font-family: quicksand; font-size: 14pt;\">Haftung f\u00fcr Links<\/span><\/p>\n<p>Unser Angebot enth\u00e4lt Links zu externen Websites Dritter, auf deren Inhalte wir keinen Einfluss haben. Deshalb k\u00f6nnen wir f\u00fcr diese fremden Inhalte auch keine Gew\u00e4hr \u00fcbernehmen. F\u00fcr die Inhalte der verlinkten Seiten ist stets der jeweilige Anbieter oder Betreiber der Seiten verantwortlich. Die verlinkten Seiten wurden zum Zeitpunkt der Verlinkung auf m\u00f6gliche Rechtsverst\u00f6\u00dfe \u00fcberpr\u00fcft. Rechtswidrige Inhalte waren zum Zeitpunkt der Verlinkung nicht erkennbar.<\/p>\n<p>Eine permanente inhaltliche Kontrolle der verlinkten Seiten ist jedoch ohne konkrete Anhaltspunkte einer Rechtsverletzung nicht zumutbar. Bei Bekanntwerden von Rechtsverletzungen werden wir derartige Links umgehend entfernen.<\/p>\n<p><span style=\"color: #ffcc00; font-family: quicksand; font-size: 14pt;\">Urheberrecht<\/span><\/p>\n<p>Die durch die Seitenbetreiber erstellten Inhalte und Werke auf diesen Seiten unterliegen dem deutschen Urheberrecht. Die Vervielf\u00e4ltigung, Bearbeitung, Verbreitung und jede Art der Verwertung au\u00dferhalb der Grenzen des Urheberrechtes bed\u00fcrfen der schriftlichen Zustimmung des jeweiligen Autors bzw. Erstellers. Downloads und Kopien dieser Seite sind nur f\u00fcr den privaten, nicht kommerziellen Gebrauch gestattet.<\/p>\n<p>Soweit die Inhalte auf dieser Seite nicht vom Betreiber erstellt wurden, werden die Urheberrechte Dritter beachtet. Insbesondere werden Inhalte Dritter als solche gekennzeichnet.<\/p>\n<p style=\"text-align: left;\"><span style=\"color: #ffcc00; font-family: quicksand; font-size: 14pt;\">Markeneintrag<\/span><\/p>\n<p style=\"text-align: left;\">Spirit Hunters Germany\u00ae ist eine von Anke Carver amtlich eingetragene Marke beim Deutschen Patent- und Markenamt. Die Nutzung des Markennamens ist nur mit ausdr\u00fccklicher und schriftlicher Genehmigung der Markeninhaberin erstattet.<\/p>\n<p><span style=\"color: #ffcc00; font-family: quicksand; font-size: 14pt;\">Bildnachweise<\/span><\/p>\n<p><span style=\"color: #ffcc00;\">Spirit Hunters Logo:<\/span> Anke Carver<br \/>\n<span style=\"color: #ffcc00;\">Galerie:<\/span> Anke Carver, Marion Lorenz, Emil Spitzfaden und Gabriela Cermakova<br \/>\n<span style=\"color: #ffcc00;\">Partnerbanner:<\/span> Anke Carver (Paranormal Weirdo), Liam Shand (Highland Paranormal Group), Taps Family (Taps Family)<br \/>\n<span style=\"color: #ffcc00;\">Hintergrundbild:<\/span> \u00a9 Pixabay &#8211; <a href=\"https:\/\/pixabay.com\/de\/users\/Fotoworkshop4You-2995268\/\" target=\"_blank\" rel=\"noopener noreferrer\">Fotoworkshop4You<\/a><\/p>\n<p><span style=\"color: #ffcc00; font-family: quicksand; font-size: 14pt;\">Webseiten Layout<\/span><strong><br \/>\n<\/strong><br \/>\nDesign by <a href=\"https:\/\/www.iceablethemes.com\/\" target=\"_blank\" rel=\"noopener noreferrer\">Iceable Themes<\/a><\/p>\n","protected":false},"excerpt":{"rendered":"<p><strong>Angaben gem\u00e4\u00df \u00a7 5 TMG:<\/strong><\/p>\n<p>Spirit Hunters Germany\u00ae<br \/>\nAnke Carver<br \/>\nG\u00e4rtnerstra\u00dfe 91<br \/>\n25335 Elmshorn<\/p>\n<p><strong>Kontakt:<\/strong><\/p>\n<p>Telefon: 01735144795<br \/>\nE-Mail: info@spirit-hunters-germany.de<\/p>\n<p>Haftung f\u00fcr Inhalte<\/p>\n<p>Als Diensteanbieter sind wir gem\u00e4\u00df \u00a7 7 Abs.1 TMG f\u00fcr eigene Inhalte auf diesen Seiten nach den allgemeinen Gesetzen verantwortlich. Nach \u00a7\u00a7&#8230;&#8230; <\/p>\n<div class=\"read-more navbutton\"><a href=\"https:\/\/www.spirit-hunters-germany.de\/?page_id=22\">Read More<i class=\"fa fa-angle-double-right\"><\/i><\/a><\/div><\/p>\n","protected":false},"author":1,"featured_media":0,"parent":0,"menu_order":11,"comment_status":"closed","ping_status":"closed","template":"","meta":{"footnotes":""},"class_list":["post-22","page","type-page","status-publish","hentry"],"_links":{"self":[{"href":"https:\/\/www.spirit-hunters-germany.de\/index.php?rest_route=\/wp\/v2\/pages\/22","targetHints":{"allow":["GET"]}}],"collection":[{"href":"https:\/\/www.spirit-hunters-germany.de\/index.php?rest_route=\/wp\/v2\/pages"}],"about":[{"href":"https:\/\/www.spirit-hunters-germany.de\/index.php?rest_route=\/wp\/v2\/types\/page"}],"author":[{"embeddable":true,"href":"https:\/\/www.spirit-hunters-germany.de\/index.php?rest_route=\/wp\/v2\/users\/1"}],"replies":[{"embeddable":true,"href":"https:\/\/www.spirit-hunters-germany.de\/index.php?rest_route=%2Fwp%2Fv2%2Fcomments&post=22"}],"version-history":[{"count":21,"href":"https:\/\/www.spirit-hunters-germany.de\/index.php?rest_route=\/wp\/v2\/pages\/22\/revisions"}],"predecessor-version":[{"id":2738,"href":"https:\/\/www.spirit-hunters-germany.de\/index.php?rest_route=\/wp\/v2\/pages\/22\/revisions\/2738"}],"wp:attachment":[{"href":"https:\/\/www.spirit-hunters-germany.de\/index.php?rest_route=%2Fwp%2Fv2%2Fmedia&parent=22"}],"curies":[{"name":"wp","href":"https:\/\/api.w.org\/{rel}","templated":true}]}}